{"id":3,"date":"2022-05-11T11:29:25","date_gmt":"2022-05-11T09:29:25","guid":{"rendered":"https:\/\/www.docteur-saada-vaison.fr\/?page_id=3"},"modified":"2022-05-13T11:26:47","modified_gmt":"2022-05-13T09:26:47","slug":"politique-de-confidentialite","status":"publish","type":"page","link":"https:\/\/www.docteur-saada-vaison.fr\/?page_id=3","title":{"rendered":"Politique de confidentialit\u00e9"},"content":{"rendered":"\r\n<h3 class=\"wp-block-heading\">QUI SOMMES-NOUS ?<\/h3>\r\n\r\n\r\n\r\n<p>L\u2019adresse de mon site est : <a href=\"https:\/\/www.docteur-saada-vaison.fr\">https:\/\/www.docteur-saada-vaison.fr<\/a>.<\/p>\r\n<p>&nbsp;<\/p>\r\n\r\n\r\n\r\n<h3 class=\"wp-block-heading\">COMMENTAIRES<\/h3>\r\n\r\n\r\n\r\n<p>Quand vous laissez un commentaire sur mon site, les donn\u00e9es inscrites dans le formulaire de commentaire, ainsi que votre adresse IP et l\u2019agent utilisateur de votre navigateur sont collect\u00e9s pour nous aider \u00e0 la d\u00e9tection des commentaires ind\u00e9sirables.<\/p>\r\n\r\n\r\n\r\n<p>Une cha\u00eene anonymis\u00e9e cr\u00e9\u00e9e \u00e0 partir de votre adresse e-mail (\u00e9galement appel\u00e9e hash) peut \u00eatre envoy\u00e9e au service Gravatar pour v\u00e9rifier si vous utilisez ce dernier. Les clauses de confidentialit\u00e9 du service Gravatar sont disponibles ici\u00a0: <a href=\"https:\/\/automattic.com\/privacy\/\" target=\"_blank\" rel=\"noopener\">https:\/\/automattic.com\/privacy\/<\/a>. Apr\u00e8s validation de votre commentaire, votre photo de profil sera visible publiquement \u00e0 cot\u00e9 de votre commentaire.<\/p>\r\n<p>&nbsp;<\/p>\r\n<h3>FORMULAIRE DE CONTACT<\/h3>\r\n<p>Si vous me contactez sur mon site via le formulaire de contact, il vous sera propos\u00e9 d\u2019enregistrer votre nom et adresse de messagerie dans des cookies. C\u2019est uniquement pour votre confort afin de ne pas avoir \u00e0 saisir ces informations si vous m&rsquo;envoyez un autre message plus tard. Ces cookies expirent au bout d\u2019un an.<\/p>\r\n<p>J&rsquo;utilise vos donn\u00e9es personnelles uniquement dans le cadre d\u2019un \u00e9change li\u00e9 \u00e0 votre demande.<\/p>\r\n\r\n<p>&nbsp;<\/p>\r\n\r\n\r\n\r\n<h3 class=\"wp-block-heading\">COOKIES<\/h3>\r\n\r\n\r\n\r\n<p>Si vous d\u00e9posez un commentaire sur mon site, il vous sera propos\u00e9 d\u2019enregistrer votre nom, adresse e-mail et site dans des cookies. C\u2019est uniquement pour votre confort afin de ne pas avoir \u00e0 saisir ces informations si vous d\u00e9posez un autre commentaire plus tard. Ces cookies expirent au bout d\u2019un an.<\/p>\r\n\r\n\r\n\r\n\r\n\r\n\r\n\r\n<p>&nbsp;<\/p>\r\n\r\n\r\n\r\n<h3 class=\"wp-block-heading\">CONTENU EMBARQU\u00c9 DEPUIS D\u2019AUTRES SITES<\/h3>\r\n\r\n\r\n\r\n<p>Les articles de ce site peuvent inclure des contenus int\u00e9gr\u00e9s (par exemple des vid\u00e9os, images, articles\u2026). Le contenu int\u00e9gr\u00e9 depuis d\u2019autres sites se comporte de la m\u00eame mani\u00e8re que si le visiteur se rendait sur cet autre site.<\/p>\r\n\r\n\r\n\r\n<p>Ces sites web pourraient collecter des donn\u00e9es sur vous, utiliser des cookies, embarquer des outils de suivis tiers, suivre vos interactions avec ces contenus embarqu\u00e9s si vous disposez d\u2019un compte connect\u00e9 sur leur site web.<\/p>\r\n<p>&nbsp;<\/p>\r\n\r\n\r\n\r\n<h3 class=\"wp-block-heading\">UTILISATION ET TRANSMISSION DE VOS DONN\u00c9ES PERSONNELLES<\/h3>\r\n\r\n\r\n\r\n\r\n\r\n<h4 class=\"wp-block-heading\">DUR\u00c9ES DE STOCKAGE DE VOS DONN\u00c9ES<\/h4>\r\n\r\n\r\n\r\n<p>Si vous laissez un commentaire, le commentaire et ses m\u00e9tadonn\u00e9es sont conserv\u00e9s ind\u00e9finiment. Cela permet de reconna\u00eetre et approuver automatiquement les commentaires suivants au lieu de les laisser dans la file de mod\u00e9ration.<\/p>\r\n\r\n\r\n\r\n<p>&nbsp;<\/p>\r\n\r\n\r\n\r\n<h4 class=\"wp-block-heading\">LES DROITS QUE VOUS AVEZ SUR VOS DONN\u00c9ES<\/h4>\r\n\r\n\r\n\r\n<p>Si vous avez laiss\u00e9 des commentaires sur le site, vous pouvez demander \u00e0 recevoir un fichier contenant toutes les donn\u00e9es personnelles que nous poss\u00e9dons \u00e0 votre sujet, incluant celles que vous m&rsquo;avez fournies. Vous pouvez \u00e9galement demander la suppression des donn\u00e9es personnelles vous concernant. Cela ne prend pas en compte les donn\u00e9es stock\u00e9es \u00e0 des fins administratives, l\u00e9gales ou pour des raisons de s\u00e9curit\u00e9.<\/p>\r\n\r\n\r\n\r\n<h4 class=\"wp-block-heading\">\u00a0<\/h4>\r\n<h4>TRANSMISSION DE VOS DONN\u00c9ES PERSONNELLES<\/h4>\r\n\r\n\r\n\r\n<p>Les commentaires des visiteurs peuvent \u00eatre v\u00e9rifi\u00e9s \u00e0 l\u2019aide d\u2019un service automatis\u00e9 de d\u00e9tection des commentaires ind\u00e9sirables.<\/p>\r\n<p>&nbsp;<\/p>\r\n<h3>COMMENT SUPPRIMER LES COOKIES DE VOTRE NAVIGATEUR<\/h3>\r\n<div class=\"list-politique\">\r\n<ul>\r\n<li><a href=\"https:\/\/support.mozilla.org\/fr\/kb\/effacer-cookies-donnees-site-firefox?redirectslug=effacer-les-cookies-pour-supprimer-les-information&amp;redirectlocale=fr\" target=\"_blank\" rel=\"noopener\">Lien pour supprimer les cookies de votre navigateur Firefox<\/a>.<\/li>\r\n<li><a href=\"https:\/\/support.google.com\/chrome\/answer\/95647?co=GENIE.Platform%3DDesktop&amp;hl=fr\" target=\"_blank\" rel=\"noopener\">Lien pour supprimer les cookies de votre navigateur Chrome<\/a>.<\/li>\r\n<li><a href=\"https:\/\/support.microsoft.com\/fr-fr\/windows\/supprimer-et-g%C3%A9rer-les-cookies-168dab11-0753-043d-7c16-ede5947fc64d\" target=\"_blank\" rel=\"noopener\">Lien pour supprimer les cookies de votre navigateur Edge ou Internet Explorer<\/a>.<\/li>\r\n<li><a href=\"https:\/\/support.apple.com\/fr-fr\/guide\/safari\/sfri11471\/mac\" target=\"_blank\" rel=\"noopener\">Lien pour supprimer les cookies de votre navigateur Safari (sur Mac)<\/a>.<\/li>\r\n<li><a href=\"https:\/\/help.opera.com\/en\/latest\/web-preferences\/#cookies\" target=\"_blank\" rel=\"noopener\">Lien pour supprimer les cookies de votre navigateur Opera (en anglais)<\/a>.<\/li>\r\n<\/ul>\r\n<\/div>\r\n","protected":false},"excerpt":{"rendered":"<p>QUI SOMMES-NOUS ? L\u2019adresse de mon site est : https:\/\/www.docteur-saada-vaison.fr. &nbsp; COMMENTAIRES Quand vous laissez un commentaire sur mon site, les donn\u00e9es inscrites dans le formulaire de commentaire, ainsi que votre adresse IP et l\u2019agent utilisateur de votre navigateur sont &hellip; <a class=\"kt-excerpt-readmore more-link\" href=\"https:\/\/www.docteur-saada-vaison.fr\/?page_id=3\">Read More<\/a><\/p>\n","protected":false},"author":1,"featured_media":0,"parent":0,"menu_order":0,"comment_status":"closed","ping_status":"open","template":"","meta":{"footnotes":""},"class_list":["post-3","page","type-page","status-publish","hentry"],"_links":{"self":[{"href":"https:\/\/www.docteur-saada-vaison.fr\/index.php?rest_route=\/wp\/v2\/pages\/3","targetHints":{"allow":["GET"]}}],"collection":[{"href":"https:\/\/www.docteur-saada-vaison.fr\/index.php?rest_route=\/wp\/v2\/pages"}],"about":[{"href":"https:\/\/www.docteur-saada-vaison.fr\/index.php?rest_route=\/wp\/v2\/types\/page"}],"author":[{"embeddable":true,"href":"https:\/\/www.docteur-saada-vaison.fr\/index.php?rest_route=\/wp\/v2\/users\/1"}],"replies":[{"embeddable":true,"href":"https:\/\/www.docteur-saada-vaison.fr\/index.php?rest_route=%2Fwp%2Fv2%2Fcomments&post=3"}],"version-history":[{"count":19,"href":"https:\/\/www.docteur-saada-vaison.fr\/index.php?rest_route=\/wp\/v2\/pages\/3\/revisions"}],"predecessor-version":[{"id":253,"href":"https:\/\/www.docteur-saada-vaison.fr\/index.php?rest_route=\/wp\/v2\/pages\/3\/revisions\/253"}],"wp:attachment":[{"href":"https:\/\/www.docteur-saada-vaison.fr\/index.php?rest_route=%2Fwp%2Fv2%2Fmedia&parent=3"}],"curies":[{"name":"wp","href":"https:\/\/api.w.org\/{rel}","templated":true}]}}