{"id":17,"date":"2022-05-11T12:02:54","date_gmt":"2022-05-11T10:02:54","guid":{"rendered":"https:\/\/www.docteur-saada-vaison.fr\/?page_id=17"},"modified":"2024-10-22T13:51:01","modified_gmt":"2024-10-22T11:51:01","slug":"docteur-saada-medecin-generaliste-a-vaison-la-romaine","status":"publish","type":"page","link":"https:\/\/www.docteur-saada-vaison.fr\/","title":{"rendered":"Docteur Saada &#8211; M\u00e9decin g\u00e9n\u00e9raliste \u00e0 Vaison la Romaine"},"content":{"rendered":"[vc_row full_width=\u00a0\u00bbstretch_row_content\u00a0\u00bb css_animation=\u00a0\u00bbfadeIn\u00a0\u00bb css=\u00a0\u00bb.vc_custom_1655713868582{border-top-width: 10px !important;border-bottom-width: 10px !important;background-image: url(https:\/\/www.docteur-saada-vaison.fr\/wp-content\/uploads\/2022\/05\/background-left-1-copie.jpg?id=23) !important;background-position: center !important;background-repeat: no-repeat !important;background-size: cover !important;border-top-color: #00c0ff !important;border-top-style: solid !important;border-bottom-color: #00c0ff !important;border-bottom-style: solid !important;}\u00a0\u00bb el_id=\u00a0\u00bbvotre_medecin\u00a0\u00bb][vc_column width=\u00a0\u00bb1\/3&Prime; css=\u00a0\u00bb.vc_custom_1651579295390{padding-right: 50px !important;padding-left: 50px !important;}\u00a0\u00bb][\/vc_column][vc_column width=\u00a0\u00bb2\/3&Prime;][vc_empty_space][vc_column_text css_animation=\u00a0\u00bbslideInRight\u00a0\u00bb css=\u00a0\u00bb.vc_custom_1651585125608{padding-top: 20px !important;padding-right: 20px !important;padding-bottom: 40px !important;padding-left: 40px !important;background-color: rgba(255,255,255,0.5) !important;*background-color: rgb(255,255,255) !important;border-radius: 10px !important;}\u00a0\u00bb]\n<hr \/>\n<p>&nbsp;<\/p>\n<h2><strong>VOTRE M\u00c9DECIN<\/strong><\/h2>\n<p>La m\u00e9decine g\u00e9n\u00e9rale est la m\u00e9decine de la famille, celle qui prend en charge la personne de la naissance jusqu\u2019aux \u00e2ges les plus avanc\u00e9s de la vie.<\/p>\n<p>Commencer avec les premi\u00e8res consultations de p\u00e9diatrie \u00e0 la sortie de la maternit\u00e9, suivre l\u2019enfant, accompagner l\u2019adolescent, suivre l\u2019adulte dans les al\u00e9as de la vie et de sa sant\u00e9 et assurer la part m\u00e9dicale pour une vieillesse paisible.<\/p>\n<p>Le m\u00e9decin de famille est celui qui connait l\u2019histoire d\u2019une famille sans que vous ayez besoin de tout r\u00e9p\u00e9ter ou m\u00eame de tout dire. Seulement au cabinet, en dehors, il oublie tout.<\/p>\n<p>Le m\u00e9decin g\u00e9n\u00e9raliste ou omnipraticien n\u2019est pas un m\u00e9decin en g\u00e9n\u00e9ral, c\u2019est celui qui apr\u00e8s ses \u00e9tudes universitaires va se former tr\u00e8s r\u00e9guli\u00e8rement pour en connaitre assez dans chaque sp\u00e9cialit\u00e9 m\u00e9dicale et vous prendre en charge efficacement avec une approche compl\u00e8te et globale mais qui va vous adresser au m\u00e9decin sp\u00e9cialiste d\u2019un organe d\u00e8s qu\u2019une pathologie d\u00e9passe ses comp\u00e9tences, comme disaient les anciens <i>Primum non nocere.<\/i>[\/vc_column_text][vc_empty_space][\/vc_column][\/vc_row][vc_row full_width=\u00a0\u00bbstretch_row_content\u00a0\u00bb css_animation=\u00a0\u00bbfadeIn\u00a0\u00bb css=\u00a0\u00bb.vc_custom_1655713900678{border-bottom-width: 10px !important;background-image: url(https:\/\/www.docteur-saada-vaison.fr\/wp-content\/uploads\/2022\/05\/background-left-2.jpg?id=24) !important;background-position: center !important;background-repeat: no-repeat !important;background-size: cover !important;border-bottom-color: #00c0ff !important;border-bottom-style: solid !important;}\u00a0\u00bb el_id=\u00a0\u00bbqualifications\u00a0\u00bb][vc_column width=\u00a0\u00bb1\/2&Prime; css=\u00a0\u00bb.vc_custom_1651579462838{padding-right: 50px !important;padding-left: 50px !important;}\u00a0\u00bb][vc_empty_space][vc_column_text css_animation=\u00a0\u00bbfadeInLeft\u00a0\u00bb css=\u00a0\u00bb.vc_custom_1652165169994{padding-top: 20px !important;padding-right: 20px !important;padding-bottom: 20px !important;padding-left: 20px !important;background-color: rgba(255,255,255,0.5) !important;*background-color: rgb(255,255,255) !important;border-radius: 10px !important;}\u00a0\u00bb el_class=\u00a0\u00bbqualifications\u00a0\u00bb]\n<hr \/>\n<p>&nbsp;<\/p>\n<h2 style=\"text-align: left;\"><strong>QUALIFICATIONS<\/strong><\/h2>\n<ul>\n<li>Cursus d\u2019\u00e9tudes m\u00e9dicales \u00e0 la <b>Facult\u00e9 de M\u00e9decine Broussais H\u00f4tel-Dieu de Paris.<\/b><\/li>\n<li>Stages hospitaliers dans les h\u00f4pitaux<b> Broussais<\/b>, <b>H\u00f4tel-Dieu <\/b>\u00e0<b> Paris<\/b> et <b>F Quesnay \u00e0 Mantes la Jolie.<\/b><\/li>\n<li><b>Th\u00e8se<\/b> en 1981 : \u00ab Contribution \u00e0 l\u2019\u00e9tude exp\u00e9rimentale de l\u2019action des curares sur la pression intraoculaire globale et la pression du segment post\u00e9rieur de l\u2019\u0153il \u00bb.<\/li>\n<li><b>Cadre Hospitalier<\/b> Temps Plein <b>Anesth\u00e9siste R\u00e9animateur<\/b> \u00e0 l\u2019<b>H\u00f4tel-Dieu <\/b>de<b> Paris.<\/b><\/li>\n<li>Installation en <b>M\u00e9decine G\u00e9n\u00e9rale<\/b> \u00e0 Vaison la Romaine en 1984.<\/li>\n<li><b>M\u00e9decin Agr\u00e9\u00e9<\/b> par Mr le Pr\u00e9fet de Vaucluse.<\/li>\n<li><b>M\u00e9decin attach\u00e9<\/b> aux <b>cr\u00e8ches <\/b>de<b> Vaison la Romaine<\/b> et de <b>Sablet<\/b> (84).<\/li>\n<li><b>M\u00e9decin Agr\u00e9\u00e9 <\/b>\u00a0pour les contr\u00f4les d\u2019aptitude m\u00e9dicale aux Permis de conduire.<\/li>\n<li><b>M\u00e9decin Sp\u00e9cialiste de M\u00e9decine G\u00e9n\u00e9rale.<\/b><\/li>\n<li>Membre de l\u2019association de <b>Formation M\u00e9dicale Continue Les Voconces<\/b> \u00e0 Vaison la Romaine.<\/li>\n<\/ul>\n[\/vc_column_text][vc_empty_space][\/vc_column][vc_column width=\u00a0\u00bb1\/2&Prime;][\/vc_column][\/vc_row][vc_row full_width=\u00a0\u00bbstretch_row_content\u00a0\u00bb css_animation=\u00a0\u00bbfadeIn\u00a0\u00bb css=\u00a0\u00bb.vc_custom_1655714059151{border-bottom-width: 10px !important;background-image: url(https:\/\/www.docteur-saada-vaison.fr\/wp-content\/uploads\/2022\/05\/medecine-globale-copie-1024&#215;538-1.jpg?id=31) !important;background-position: center !important;background-repeat: no-repeat !important;background-size: cover !important;border-bottom-color: #00c0ff !important;border-bottom-style: solid !important;}\u00a0\u00bb el_id=\u00a0\u00bbfonctionnement\u00a0\u00bb][vc_column width=\u00a0\u00bb1\/3&Prime; css=\u00a0\u00bb.vc_custom_1651579295390{padding-right: 50px !important;padding-left: 50px !important;}\u00a0\u00bb][\/vc_column][vc_column width=\u00a0\u00bb2\/3&Prime;][vc_empty_space][vc_column_text css_animation=\u00a0\u00bbslideInRight\u00a0\u00bb css=\u00a0\u00bb.vc_custom_1651587870670{padding-top: 20px !important;padding-right: 20px !important;padding-bottom: 40px !important;padding-left: 40px !important;background-color: rgba(255,255,255,0.6) !important;*background-color: rgb(255,255,255) !important;border-radius: 10px !important;}\u00a0\u00bb]\n<hr \/>\n<p>&nbsp;<\/p>\n<h2><strong>FONCTIONNEMENT<\/strong><\/h2>\n<h3><strong>Pr\u00e9parer votre consultation<\/strong><\/h3>\n<p>Prenez votre derni\u00e8re ordonnance avec vous.<\/p>\n<p>Sachez que les comptes rendus d\u2019examens radiologiques ne sont remis qu\u2019\u00e0 vous et vous devez donc me les apporter pour que j\u2019en prenne connaissance.<\/p>\n<p>Les comptes rendus d\u2019examens biologiques me sont adress\u00e9s par la poste et il arrive donc que je les re\u00e7oive apr\u00e8s vous.<\/p>\n<p>Apr\u00e8s un examen ou une consultation chez un m\u00e9decin sp\u00e9cialiste, vous devez me recontacter.<\/p>\n<h3><strong>Les honoraires<\/strong><\/h3>\n<p>Je suis conventionn\u00e9 \u00ab\u00a0secteur 1\u00a0\u00bb\u00a0de la S\u00e9curit\u00e9 Sociale. C\u2019est-\u00e0-dire que j\u2019applique les honoraires de la S\u00e9curit\u00e9 Sociale.<\/p>\n<p>Membre d\u2019un AGA : le r\u00e8glement par ch\u00e8que est accept\u00e9.<\/p>\n<p><strong><u>Mais<\/u><\/strong> en cas de circonstances particuli\u00e8res de dur\u00e9e, d\u2019horaires ou toutes autres exigences non justifi\u00e9es par votre \u00e9tat de sant\u00e9, j\u2019applique un d\u00e9passement d\u2019honoraires non remboursable par les organismes de s\u00e9curit\u00e9 sociale.<\/p>\n<p>Les honoraires d\u2019expertise ne donnent pas lieu \u00e0 un remboursement par les organismes de S\u00e9curit\u00e9 Sociale.[\/vc_column_text][vc_empty_space][\/vc_column][\/vc_row][vc_row full_width=\u00a0\u00bbstretch_row_content\u00a0\u00bb css_animation=\u00a0\u00bbfadeIn\u00a0\u00bb css=\u00a0\u00bb.vc_custom_1655714049282{border-bottom-width: 10px !important;background-image: url(https:\/\/www.docteur-saada-vaison.fr\/wp-content\/uploads\/2022\/05\/depositphotos_218563716-stock-photo-clock-face-calendar-composite.webp?id=25) !important;background-position: center !important;background-repeat: no-repeat !important;background-size: cover !important;border-bottom-color: #00c0ff !important;border-bottom-style: solid !important;}\u00a0\u00bb el_id=\u00a0\u00bbhoraires\u00a0\u00bb][vc_column width=\u00a0\u00bb2\/3&Prime; css=\u00a0\u00bb.vc_custom_1651579462838{padding-right: 50px !important;padding-left: 50px !important;}\u00a0\u00bb][vc_empty_space][vc_column_text css_animation=\u00a0\u00bbfadeInLeft\u00a0\u00bb css=\u00a0\u00bb.vc_custom_1729597861721{padding-top: 20px !important;padding-right: 20px !important;padding-bottom: 20px !important;padding-left: 20px !important;background-color: rgba(255,255,255,0.5) !important;*background-color: rgb(255,255,255) !important;border-radius: 10px !important;}\u00a0\u00bb]\n<hr \/>\n<p>&nbsp;<\/p>\n<h2 style=\"text-align: left;\"><strong>RENDEZ-VOUS<\/strong><\/h2>\n<p><strong>Consultations uniquement sur RENDEZ-VOUS.<br \/>\n<\/strong><\/p>\n<p>Pour le bon d\u00e9roulement des consultations pensez \u00e0 arriver \u00e0 l\u2019heure.<\/p>\n<p>Prenez rendez-vous le plus \u00e0 l\u2019avance possible surtout si vous d\u00e9sirer un jour ou un horaire pr\u00e9cis.<\/p>\n<p><strong> En cas d\u2019annulation d\u2019un rendez-vous merci de m\u2019avertir le plus t\u00f4t possible !<\/strong><\/p>\n<p>\u00ab\u00a0En cas d\u2019absence \u00e0 un rendez-vous ou annulation tardive\u00a0 le m\u00e9decin est en droit de demander des honoraires de carence, non remboursables par la S\u00e9curit\u00e9 Sociale\u00a0\u00bb \u2013 Conseil de l\u2019Ordre des M\u00e9decins \u2013<\/p>\n<p><strong>Un rendez-vous par personne<\/strong> : si vous venez \u00e0 plusieurs, pensez \u00e0 le pr\u00e9ciser, je pr\u00e9voirai plus de temps. Sinon je devrais diviser le temps pr\u00e9vu, ce qui n\u2019est pas une bonne chose\u00a0!<\/p>\n<p>N\u2019attendez pas de ne plus avoir votre traitement pour appeler.<\/p>\n<p>Si votre \u00e9tat de sant\u00e9 le n\u00e9cessite je m\u2019efforcerais de vous recevoir le plus rapidement possible.[\/vc_column_text][vc_empty_space][\/vc_column][vc_column width=\u00a0\u00bb1\/3&Prime;][\/vc_column][\/vc_row][vc_row full_width=\u00a0\u00bbstretch_row_content\u00a0\u00bb css_animation=\u00a0\u00bbfadeIn\u00a0\u00bb css=\u00a0\u00bb.vc_custom_1655714138602{border-bottom-width: 10px !important;background-image: url(https:\/\/www.docteur-saada-vaison.fr\/wp-content\/uploads\/2022\/05\/169_MDEyNi0wMQ-1080&#215;675-1-1024&#215;640-1.jpg?id=22) !important;background-position: center !important;background-repeat: no-repeat !important;background-size: cover !important;border-bottom-color: #00c0ff !important;border-bottom-style: solid !important;}\u00a0\u00bb el_id=\u00a0\u00bbcoordonnees\u00a0\u00bb][vc_column width=\u00a0\u00bb1\/3&Prime; css=\u00a0\u00bb.vc_custom_1651588952254{padding-right: 50px !important;padding-left: 50px !important;}\u00a0\u00bb][vc_empty_space][vc_gmaps link=\u00a0\u00bb#E-8_JTNDaWZyYW1lJTIwc3JjJTNEJTIyaHR0cHMlM0ElMkYlMkZ3d3cuZ29vZ2xlLmNvbSUyRm1hcHMlMkZlbWJlZCUzRnBiJTNEJTIxMW0xNCUyMTFtOCUyMTFtMyUyMTFkMTE0MzMuNDg1MTU4NTg1ODE2JTIxMmQ1LjA3Mjc0NjclMjEzZDQ0LjI0MDYwMDklMjEzbTIlMjExaTEwMjQlMjEyaTc2OCUyMTRmMTMuMSUyMTNtMyUyMTFtMiUyMTFzMHgwJTI1M0EweGI5NDM5OTQ4NmEyM2UzNDQlMjEyc0RyLiUyNTIwU2FhZGElMjUyMFdpbGxpYW0lMjE1ZTAlMjEzbTIlMjExc2ZyJTIxMnNmciUyMTR2MTY1MTU4ODgxODg2MyUyMTVtMiUyMTFzZnIlMjEyc2ZyJTIyJTIwd2lkdGglM0QlMjI2MDAlMjIlMjBoZWlnaHQlM0QlMjI0NTAlMjIlMjBzdHlsZSUzRCUyMmJvcmRlciUzQTAlM0IlMjIlMjBhbGxvd2Z1bGxzY3JlZW4lM0QlMjIlMjIlMjBsb2FkaW5nJTNEJTIybGF6eSUyMiUyMHJlZmVycmVycG9saWN5JTNEJTIybm8tcmVmZXJyZXItd2hlbi1kb3duZ3JhZGUlMjIlM0UlM0MlMkZpZnJhbWUlM0U=\u00a0\u00bb css_animation=\u00a0\u00bbfadeInLeft\u00a0\u00bb css=\u00a0\u00bb.vc_custom_1652166131410{padding-top: 10px !important;padding-right: 10px !important;padding-bottom: 10px !important;padding-left: 10px !important;background-color: rgba(255,255,255,0.6) !important;*background-color: rgb(255,255,255) !important;border-radius: 10px !important;}\u00a0\u00bb][\/vc_column][vc_column width=\u00a0\u00bb2\/3&Prime;][vc_empty_space][vc_column_text css_animation=\u00a0\u00bbslideInRight\u00a0\u00bb css=\u00a0\u00bb.vc_custom_1655714100330{padding-top: 20px !important;padding-right: 20px !important;padding-bottom: 40px !important;padding-left: 40px !important;background-color: rgba(255,255,255,0.6) !important;*background-color: rgb(255,255,255) !important;border-radius: 10px !important;}\u00a0\u00bb]\n<hr \/>\n<p>&nbsp;<\/p>\n<h2><strong>COORDONN\u00c9ES<\/strong><\/h2>\n<div class=\"about-sub\">Dr. SAADA William &#8211; Cabinet de M\u00e9decine G\u00e9n\u00e9rale<\/div>\n<p>4, rue Jean Jaur\u00e8s<\/p>\n<p>84110 Vaison la Romaine<\/p>\n<p>T\u00e9l : 04 90 36 31 63<\/p>\n<p>Email : <a href=\"mailto:docteursaada@orange.fr\">docteursaada@orange.fr<\/a><\/p>\n<p><img loading=\"lazy\" decoding=\"async\" class=\" wp-image-210 alignleft\" src=\"https:\/\/www.docteur-saada-vaison.fr\/wp-content\/uploads\/2022\/05\/handi.png\" alt=\"\" width=\"42\" height=\"42\" \/><em>Cabinet accessible aux fauteuils roulants.<\/em><\/p>\n<p><em>Rue perpendiculaire \u00e0 la BNP descendant vers le Quai pasteur.<\/em><\/p>\n<p><em><img loading=\"lazy\" decoding=\"async\" class=\"size-full wp-image-32 alignleft\" src=\"https:\/\/www.docteur-saada-vaison.fr\/wp-content\/uploads\/2022\/05\/parking-50.png\" alt=\"\" width=\"50\" height=\"50\" \/>Grand Parking du Quai Pasteur \u00e0 50 m.<\/em>[\/vc_column_text][vc_empty_space][\/vc_column][\/vc_row][vc_row full_width=\u00a0\u00bbstretch_row_content\u00a0\u00bb css_animation=\u00a0\u00bbfadeIn\u00a0\u00bb css=\u00a0\u00bb.vc_custom_1655714168001{border-bottom-width: 10px !important;background-image: url(https:\/\/www.docteur-saada-vaison.fr\/wp-content\/uploads\/2022\/05\/016ec0aaefb30c709e065dd57294b30a.jpg?id=21) !important;background-position: center !important;background-repeat: no-repeat !important;background-size: cover !important;border-bottom-color: #00c0ff !important;border-bottom-style: solid !important;}\u00a0\u00bb el_id=\u00a0\u00bbcontact\u00a0\u00bb][vc_column width=\u00a0\u00bb1\/4&Prime; css=\u00a0\u00bb.vc_custom_1651588952254{padding-right: 50px !important;padding-left: 50px !important;}\u00a0\u00bb][\/vc_column][vc_column width=\u00a0\u00bb1\/2&Prime; css=\u00a0\u00bb.vc_custom_1651589222318{border-radius: 10px !important;}\u00a0\u00bb][vc_empty_space][vc_row_inner css=\u00a0\u00bb.vc_custom_1652276142166{background-color: rgba(255,255,255,0.8) !important;*background-color: rgb(255,255,255) !important;border-radius: 10px !important;}\u00a0\u00bb][vc_column_inner width=\u00a0\u00bb2\/3&Prime;]\n<div class=\"wpcf7 no-js\" id=\"wpcf7-f41-o1\" lang=\"fr-FR\" dir=\"ltr\">\n<div class=\"screen-reader-response\"><p role=\"status\" aria-live=\"polite\" aria-atomic=\"true\"><\/p> <ul><\/ul><\/div>\n<form action=\"\/index.php?rest_route=%2Fwp%2Fv2%2Fpages%2F17#wpcf7-f41-o1\" method=\"post\" class=\"wpcf7-form init\" aria-label=\"Formulaire de contact\" novalidate=\"novalidate\" data-status=\"init\">\n<div style=\"display: none;\">\n<input type=\"hidden\" name=\"_wpcf7\" value=\"41\" \/>\n<input type=\"hidden\" name=\"_wpcf7_version\" value=\"5.8.7\" \/>\n<input type=\"hidden\" name=\"_wpcf7_locale\" value=\"fr_FR\" \/>\n<input type=\"hidden\" name=\"_wpcf7_unit_tag\" value=\"wpcf7-f41-o1\" \/>\n<input type=\"hidden\" name=\"_wpcf7_container_post\" value=\"0\" \/>\n<input type=\"hidden\" name=\"_wpcf7_posted_data_hash\" value=\"\" \/>\n<\/div>\n<p><span class=\"wpcf7-form-control-wrap\" data-name=\"nom\"><input size=\"40\" class=\"wpcf7-form-control wpcf7-text wpcf7-validates-as-required\" aria-required=\"true\" aria-invalid=\"false\" placeholder=\"Nom\" value=\"\" type=\"text\" name=\"nom\" \/><\/span><br \/>\n<span class=\"wpcf7-form-control-wrap\" data-name=\"prenom\"><input size=\"40\" class=\"wpcf7-form-control wpcf7-text wpcf7-validates-as-required\" aria-required=\"true\" aria-invalid=\"false\" placeholder=\"Pr\u00e9nom\" value=\"\" type=\"text\" name=\"prenom\" \/><\/span><br \/>\n<span class=\"wpcf7-form-control-wrap\" data-name=\"telephone\"><input size=\"40\" class=\"wpcf7-form-control wpcf7-tel wpcf7-text wpcf7-validates-as-tel\" aria-invalid=\"false\" placeholder=\"T\u00e9l\u00e9phone\" value=\"\" type=\"tel\" name=\"telephone\" \/><\/span><br \/>\n<span class=\"wpcf7-form-control-wrap\" data-name=\"email\"><input size=\"40\" class=\"wpcf7-form-control wpcf7-email wpcf7-validates-as-required wpcf7-text wpcf7-validates-as-email\" aria-required=\"true\" aria-invalid=\"false\" placeholder=\"Email\" value=\"\" type=\"email\" name=\"email\" \/><\/span><br \/>\n<span class=\"wpcf7-form-control-wrap\" data-name=\"message\"><textarea cols=\"40\" rows=\"10\" class=\"wpcf7-form-control wpcf7-textarea wpcf7-validates-as-required\" aria-required=\"true\" aria-invalid=\"false\" placeholder=\"Message\" name=\"message\"><\/textarea><\/span>\n<\/p>\n<div class=\"column dt-sc-one-half\">\n\t<p><input class=\"wpcf7-form-control wpcf7-submit has-spinner\" type=\"submit\" value=\"Envoyer\" \/>\n\t<\/p>\n<\/div><div class=\"wpcf7-response-output\" aria-hidden=\"true\"><\/div>\n<\/form>\n<\/div>\n[\/vc_column_inner][vc_column_inner width=\u00a0\u00bb1\/3&Prime;][vc_column_text css=\u00a0\u00bb.vc_custom_1652349997530{border-top-width: 10px !important;border-right-width: 10px !important;border-bottom-width: 10px !important;border-left-width: 10px !important;padding-top: 10px !important;padding-right: 10px !important;padding-bottom: 10px !important;padding-left: 10px !important;background-color: rgba(1,137,255,0.3) !important;*background-color: rgb(1,137,255) !important;border-radius: 10px !important;}\u00a0\u00bb]Ce formulaire ne sert qu&rsquo;\u00e0 me communiquer des informations dans le cadre de votre sant\u00e9 ou \u00e0 propos de tout autre sujet que vous d\u00e9sirez aborder.<\/p>\n<p>Il ne s&rsquo;agit en aucun cas d&rsquo;une consultation.<\/p>\n<p>Il ne s&rsquo;agit pas d&rsquo;un moyen de prise de rendez-vous ni de contact d&rsquo;urgence.<\/p>\n<p>N&rsquo;oubliez pas les r\u00e8gles de confidentialit\u00e9 propres \u00e0 Internet.<\/p>\n<p>Il se peut que je ne lise ces courriers que quelques jours apr\u00e8s r\u00e9ception.[\/vc_column_text][\/vc_column_inner][\/vc_row_inner][vc_empty_space el_id=\u00a0\u00bbblog\u00a0\u00bb][\/vc_column][\/vc_row]\n","protected":false},"excerpt":{"rendered":"<p>[vc_row full_width=\u00a0\u00bbstretch_row_content\u00a0\u00bb css_animation=\u00a0\u00bbfadeIn\u00a0\u00bb css=\u00a0\u00bb.vc_custom_1655713868582{border-top-width: 10px !important;border-bottom-width: 10px !important;background-image: url(https:\/\/www.docteur-saada-vaison.fr\/wp-content\/uploads\/2022\/05\/background-left-1-copie.jpg?id=23) !important;background-position: center !important;background-repeat: no-repeat !important;background-size: cover !important;border-top-color: #00c0ff !important;border-top-style: solid !important;border-bottom-color: #00c0ff !important;border-bottom-style: solid !important;}\u00a0\u00bb el_id=\u00a0\u00bbvotre_medecin\u00a0\u00bb][vc_column width=\u00a0\u00bb1\/3&Prime; css=\u00a0\u00bb.vc_custom_1651579295390{padding-right: 50px !important;padding-left: 50px !important;}\u00a0\u00bb][\/vc_column][vc_column width=\u00a0\u00bb2\/3&Prime;][vc_empty_space][vc_column_text css_animation=\u00a0\u00bbslideInRight\u00a0\u00bb css=\u00a0\u00bb.vc_custom_1651585125608{padding-top: 20px !important;padding-right: 20px !important;padding-bottom: 40px !important;padding-left: &hellip; <a class=\"kt-excerpt-readmore more-link\" href=\"https:\/\/www.docteur-saada-vaison.fr\/\">Read More<\/a><\/p>\n","protected":false},"author":1,"featured_media":0,"parent":0,"menu_order":0,"comment_status":"closed","ping_status":"closed","template":"","meta":{"footnotes":""},"class_list":["post-17","page","type-page","status-publish","hentry"],"_links":{"self":[{"href":"https:\/\/www.docteur-saada-vaison.fr\/index.php?rest_route=\/wp\/v2\/pages\/17","targetHints":{"allow":["GET"]}}],"collection":[{"href":"https:\/\/www.docteur-saada-vaison.fr\/index.php?rest_route=\/wp\/v2\/pages"}],"about":[{"href":"https:\/\/www.docteur-saada-vaison.fr\/index.php?rest_route=\/wp\/v2\/types\/page"}],"author":[{"embeddable":true,"href":"https:\/\/www.docteur-saada-vaison.fr\/index.php?rest_route=\/wp\/v2\/users\/1"}],"replies":[{"embeddable":true,"href":"https:\/\/www.docteur-saada-vaison.fr\/index.php?rest_route=%2Fwp%2Fv2%2Fcomments&post=17"}],"version-history":[{"count":33,"href":"https:\/\/www.docteur-saada-vaison.fr\/index.php?rest_route=\/wp\/v2\/pages\/17\/revisions"}],"predecessor-version":[{"id":409,"href":"https:\/\/www.docteur-saada-vaison.fr\/index.php?rest_route=\/wp\/v2\/pages\/17\/revisions\/409"}],"wp:attachment":[{"href":"https:\/\/www.docteur-saada-vaison.fr\/index.php?rest_route=%2Fwp%2Fv2%2Fmedia&parent=17"}],"curies":[{"name":"wp","href":"https:\/\/api.w.org\/{rel}","templated":true}]}}